{"id":24052,"date":"2016-05-30T10:08:02","date_gmt":"2016-05-30T10:08:02","guid":{"rendered":"http:\/\/democontent.codex-themes.com\/thegem-architecture\/?page_id=24052"},"modified":"2022-01-07T20:45:10","modified_gmt":"2022-01-07T20:45:10","slug":"cacamba-entulho-sbc","status":"publish","type":"page","link":"https:\/\/ranecacambas.com.br\/site\/","title":{"rendered":"Homepage"},"content":{"rendered":"<p>[vc_row full_width=&#8221;stretch_row_content_no_spaces&#8221;][vc_column][vc_column_text]<img loading=\"lazy\" decoding=\"async\" class=\"aligncenter wp-image-30490\" src=\"https:\/\/ranecacambas.com.br\/site\/wp-content\/uploads\/2020\/04\/nvo-banner-rane.jpg\" alt=\"\" width=\"1580\" height=\"485\" srcset=\"https:\/\/ranecacambas.com.br\/site\/wp-content\/uploads\/2020\/04\/nvo-banner-rane.jpg 1280w, https:\/\/ranecacambas.com.br\/site\/wp-content\/uploads\/2020\/04\/nvo-banner-rane-300x92.jpg 300w, https:\/\/ranecacambas.com.br\/site\/wp-content\/uploads\/2020\/04\/nvo-banner-rane-768x236.jpg 768w, https:\/\/ranecacambas.com.br\/site\/wp-content\/uploads\/2020\/04\/nvo-banner-rane-1024x314.jpg 1024w\" sizes=\"auto, (max-width: 1580px) 100vw, 1580px\" \/>[\/vc_column_text][\/vc_column][\/vc_row][vc_row full_width=&#8221;stretch_row&#8221; css=&#8221;.vc_custom_1598883825695{margin-top: -30px !important;margin-bottom: 0px !important;padding-top: -10px !important;background-image: url(https:\/\/ranecacambas.com.br\/site\/wp-content\/uploads\/2019\/11\/construction01_about_us_background.png?id=30483) !important;background-position: center !important;background-repeat: no-repeat !important;background-size: cover !important;}&#8221; el_id=&#8221;sobre-nos&#8221;][vc_column]<div class=\"clearboth\"><\/div><div class=\"gem-divider \" style=\"margin-top: 30px;\"><\/div>[\/vc_column][vc_column width=&#8221;1\/2&#8243; offset=&#8221;vc_col-lg-4 vc_col-md-4&#8243;]<div class=\"clearboth\"><\/div><div class=\"gem-divider \" style=\"margin-top: 10px;\"><\/div>[vc_column_text]<\/p>\n<div class=\"title-h1\" style=\"margin-bottom: 20px;\">Sobre n\u00f3s<\/div>\n<div style=\"width: 63px; height: 2px; background: #fbcf00; text-indent: 9999px;\">1<\/div>\n<p>[\/vc_column_text][vc_column_text]<\/p>\n<div class=\"title-h5\"><span class=\"light\" style=\"color: #737373;\">RANE LOCA\u00c7\u00c3O DE CA\u00c7AMBAS &amp; REMO\u00c7\u00c3O DE ENTULHOS\u00a0<\/span><\/div>\n<div><\/div>\n<p>[\/vc_column_text][\/vc_column][vc_column offset=&#8221;vc_col-lg-offset-2 vc_col-lg-6 vc_col-md-offset-0 vc_col-md-8 vc_col-sm-offset-0&#8243;]<div class=\"clearboth\"><\/div><div class=\"gem-divider \" style=\"margin-top: 20px;\"><\/div>[vc_column_text]<\/p>\n<h4 class=\"av_iconlist_title iconlist_title av_inherit_color \">NOSSA MISS\u00c3O<\/h4>\n<p><span style=\"font-size: 22px; color: #8d8d8d;\">Nossa miss\u00e3o \u00e9 atender os clientes oferecendo o que de melhor nossa empresa possui e contribuir para um mundo melhor, descartando corretamente os materiais coletados.\u00a0<\/span><\/p>\n<h4 class=\"av_iconlist_title iconlist_title av_inherit_color \">NOSSOS VALORES<\/h4>\n<p><span style=\"font-size: 22px; color: #999999;\">Respeito \u00e0 vida e ao meio ambiente, incentivo \u00e0 pratica ecol\u00f3gica urbana, desenvolvimento sustent\u00e1vel, responsabilidade, \u00e9tica e transpar\u00eancia. Trabalhando para fazer um mundo melhor!<\/span>[\/vc_column_text]<div class=\"clearboth\"><\/div><div class=\"gem-divider \" style=\"margin-top: 50px;\"><\/div>[\/vc_column][vc_column]<div class=\"clearboth\"><\/div><div class=\"gem-divider \" style=\"margin-top: 30px;\"><\/div>[\/vc_column][\/vc_row][vc_row full_width=&#8221;stretch_row_content&#8221; css=&#8221;.vc_custom_1539994535698{margin-bottom: 0px !important;}&#8221; el_id=&#8221;servicos&#8221;][vc_column width=&#8221;1\/3&#8243; css=&#8221;.vc_custom_1597336306738{padding-right: 0px !important;padding-left: 0px !important;background-image: url(https:\/\/ranecacambas.com.br\/site\/wp-content\/uploads\/2018\/10\/c9.jpg?id=30175) !important;background-position: center !important;background-repeat: no-repeat !important;background-size: cover !important;}&#8221; el_class=&#8221;third_bg_color&#8221;]<div class=\"clearboth\"><\/div><div class=\"gem-divider \" style=\"margin-top: 150px;\"><\/div>[vc_row_inner][vc_column_inner width=&#8221;5\/6&#8243; offset=&#8221;vc_col-sm-offset-1 vc_col-xs-offset-1 vc_col-xs-10&#8243;][vc_column_text]<\/p>\n<div class=\"title-h4\"><span style=\"color: #ffffff;\">REMO\u00c7\u00c3O DE ENTULHOS<\/span><\/div>\n<div style=\"width: 63px; height: 2px; background: #fbcf00; text-indent: 9999px;\">1<\/div>\n<p>[\/vc_column_text][vc_column_text css=&#8221;.vc_custom_1598883014336{padding-top: 10px !important;}&#8221;]<span style=\"font-size: 22px; color: #ffffff;\">Oferecemos Estrutura com equipe especializada e solu\u00e7\u00f5es no destino final de res\u00edduos da constru\u00e7\u00e3o civil de forma r\u00e1pida. <\/span>[\/vc_column_text][\/vc_column_inner][\/vc_row_inner]<div class=\"clearboth\"><\/div><div class=\"gem-divider \" style=\"margin-top: 60px;\"><\/div>[\/vc_column][vc_column width=&#8221;1\/3&#8243; css=&#8221;.vc_custom_1542123847245{padding-right: 0px !important;padding-left: 0px !important;background-image: url(https:\/\/ranecacambas.com.br\/site\/wp-content\/uploads\/2018\/11\/foto1-1.jpg?id=30253) !important;background-position: center !important;background-repeat: no-repeat !important;background-size: cover !important;}&#8221; el_class=&#8221;custom-bottom-border&#8221;]<div class=\"clearboth\"><\/div><div class=\"gem-divider \" style=\"margin-top: 150px;\"><\/div>[vc_row_inner][vc_column_inner width=&#8221;5\/6&#8243; offset=&#8221;vc_col-sm-offset-1 vc_col-xs-offset-1 vc_col-xs-10&#8243;][vc_column_text]<\/p>\n<div class=\"title-h4\"><span style=\"color: #ffffff;\">ALUGUEL DE CA\u00c7AMBAS<\/span><\/div>\n<div style=\"width: 63px; height: 2px; background: #fbcf00; text-indent: 9999px;\">1<\/div>\n<p>[\/vc_column_text][vc_column_text css=&#8221;.vc_custom_1598883033102{padding-top: 10px !important;}&#8221;]<span style=\"font-size: 22px; color: #ffffff;\">Agilidade, bom atendimento e efici\u00eancia s\u00e3o valores que est\u00e3o no nosso dia a dia. Atender a necessidade de nossos parceiros \u00e9 o nosso maior compromisso.<\/span>[\/vc_column_text][\/vc_column_inner][\/vc_row_inner]<div class=\"clearboth\"><\/div><div class=\"gem-divider \" style=\"margin-top: 60px;\"><\/div>[\/vc_column][vc_column width=&#8221;1\/3&#8243; css=&#8221;.vc_custom_1542122524350{padding-right: 0px !important;padding-left: 0px !important;background-image: url(https:\/\/ranecacambas.com.br\/site\/wp-content\/uploads\/2018\/11\/terra.png?id=30241) !important;background-position: center !important;background-repeat: no-repeat !important;background-size: cover !important;}&#8221; el_class=&#8221;custom-bottom-border&#8221;]<div class=\"clearboth\"><\/div><div class=\"gem-divider \" style=\"margin-top: 150px;\"><\/div>[vc_row_inner][vc_column_inner width=&#8221;5\/6&#8243; offset=&#8221;vc_col-sm-offset-1 vc_col-xs-offset-1 vc_col-xs-10&#8243;][vc_column_text]<\/p>\n<div class=\"title-h4\"><span style=\"color: #ffffff;\">TERRAPLANAGEM\u00a0<\/span><\/div>\n<div style=\"width: 63px; height: 2px; background: #fbcf00; text-indent: 9999px;\">1<\/div>\n<p>[\/vc_column_text][vc_column_text css=&#8221;.vc_custom_1598883048922{padding-top: 10px !important;}&#8221;]<span style=\"font-size: 22px; color: #ffffff;\">Disponibilidade de atendimento . Baixo custo e retornando para sociedade materiais com destina\u00e7\u00e3o de materiais 100% para reciclagem.<\/span>[\/vc_column_text][\/vc_column_inner][\/vc_row_inner]<div class=\"clearboth\"><\/div><div class=\"gem-divider \" style=\"margin-top: 60px;\"><\/div>[\/vc_column][\/vc_row][vc_row full_width=&#8221;stretch_row&#8221; css=&#8221;.vc_custom_1464605048162{margin-bottom: 0px !important;background-image: url(https:\/\/ranecacambas.com.br\/site\/wp-content\/uploads\/2016\/05\/construction_news_background.jpg?id=24070) !important;background-position: center !important;background-repeat: no-repeat !important;background-size: cover !important;}&#8221;][vc_column]<div class=\"clearboth\"><\/div><div class=\"gem-divider \" style=\"margin-top: 75px;\"><\/div>[vc_column_text]<\/p>\n<div class=\"title-h2\" style=\"text-align: center; margin-bottom: 20px;\"><span style=\"color: #fff;\">FA\u00c7A SEU PEDIDO\u00a0<img loading=\"lazy\" decoding=\"async\" class=\"alignnone wp-image-30100\" src=\"https:\/\/ranecacambas.com.br\/site\/wp-content\/uploads\/2018\/10\/telefone-icone-branco-png-3-300x300.png\" alt=\"\" width=\"36\" height=\"36\" srcset=\"https:\/\/ranecacambas.com.br\/site\/wp-content\/uploads\/2018\/10\/telefone-icone-branco-png-3-300x300.png 300w, https:\/\/ranecacambas.com.br\/site\/wp-content\/uploads\/2018\/10\/telefone-icone-branco-png-3-150x150.png 150w, https:\/\/ranecacambas.com.br\/site\/wp-content\/uploads\/2018\/10\/telefone-icone-branco-png-3-256x256.png 256w, https:\/\/ranecacambas.com.br\/site\/wp-content\/uploads\/2018\/10\/telefone-icone-branco-png-3.png 500w\" sizes=\"auto, (max-width: 36px) 100vw, 36px\" \/><\/span><\/div>\n<div style=\"width: 63px; height: 2px; background: #fbcf00; margin: 0 auto; text-indent: 9999px;\">1<\/div>\n<p>[\/vc_column_text]<div class=\"clearboth\"><\/div><div class=\"gem-divider \" style=\"margin-top: 40px;\"><\/div>[vc_column_text]<\/p>\n<div class=\"title-h6\" style=\"text-align: center; font-size: 22px;\"><span class=\"light\" style=\"color: #ffffff;\">ANTES DE FECHAR QUALQUER SERVI\u00c7O,\u00a0CONSULTE-NOS !<\/span><\/div>\n<p>[\/vc_column_text]<div class=\"clearboth\"><\/div><div class=\"gem-divider \" style=\"margin-top: 98px;\"><\/div>[\/vc_column][\/vc_row][vc_row full_width=&#8221;stretch_row_content_no_spaces&#8221; css=&#8221;.vc_custom_1539994412184{margin-bottom: 0px !important;}&#8221; el_id=&#8221;galeria&#8221;][vc_column][\/vc_column][\/vc_row][vc_row full_width=&#8221;stretch_row&#8221; css=&#8221;.vc_custom_1540408997480{margin-bottom: 0px !important;background-color: #9fc239 !important;background-position: center !important;background-repeat: no-repeat !important;background-size: cover !important;}&#8221;][vc_column]<div class=\"clearboth\"><\/div><div class=\"gem-divider \" style=\"margin-top: 35px;\"><\/div>[vc_column_text]<\/p>\n<div class=\"title-h3\" style=\"text-align: center;\"><span style=\"color: #ffffff;\"><strong>D\u00favidas sobre nossos servi\u00e7os?\u00a0 \u00a0 Como quer ser atendido? <\/strong><\/span><\/div>\n<div class=\"title-h3\" style=\"text-align: center;\"><span style=\"color: #ffffff;\"><span class=\"light\">Escolha Telefone, Whatsapp, Email ou presencial.<\/span><\/span><\/div>\n<p>[\/vc_column_text]<div class=\"clearboth\"><\/div><div class=\"gem-divider \" style=\"margin-top: 65px;\"><\/div>[\/vc_column][\/vc_row][vc_row full_width=&#8221;stretch_row&#8221; css=&#8221;.vc_custom_1614686149335{background-image: url(https:\/\/ranecacambas.com.br\/site\/wp-content\/uploads\/2019\/11\/construction01_about_us_background.png?id=30483) !important;background-position: center !important;background-repeat: no-repeat !important;background-size: cover !important;}&#8221; el_id=&#8221;contato&#8221;][vc_column][vc_row_inner][vc_column_inner width=&#8221;1\/2&#8243;]<div class=\"clearboth\"><\/div><div class=\"gem-divider \" style=\"\"><\/div>[vc_column_text]<\/p>\n<h1 class=\"title-h6\" style=\"font-size: 20px;\">Precisa de uma ca\u00e7amba ? ligue agora<\/h1>\n<p>[\/vc_column_text][vc_column_text]<\/p>\n<div class=\"title-h1\"><span style=\"color: #9fc239;\"><a href=\"tel:11947087955\">(11) 94708-7955<\/a><\/span><\/div>\n<p>[\/vc_column_text][vc_column_text]<\/p>\n<div class=\"title-h1\"><span style=\"color: #9fc239;\"><a href=\"tel:1123561243\">(11)\u00a02356-1243\u00a0<\/a><\/span><\/div>\n<p>[\/vc_column_text]<div class=\"clearboth\"><\/div><div class=\"gem-divider \" style=\"margin-top: 55px;\"><\/div>[\/vc_column_inner][vc_column_inner width=&#8221;1\/2&#8243;][vc_column_text]<\/p>\n<h3>CONTATO<\/h3>\n<p>RUA EUG\u00caNIA S\u00c1 VITALE, 1196<br \/>\nS\u00c3O BERNARDO DO CAMPO\/SP<br \/>\n<span style=\"color: #9fc239;\">CONTATO@RANECACAMBAS.COM.BR<\/span><\/p>\n<h3><\/h3>\n<p>[\/vc_column_text][\/vc_column_inner][vc_column_inner][vc_gmaps link=&#8221;#E-8_JTNDaWZyYW1lJTIwc3R5bGUlM0QlMjJib3JkZXIlM0ElMjAyJTNCJTIyJTIwc3JjJTNEJTIyaHR0cHMlM0ElMkYlMkZ3d3cuZ29vZ2xlLmNvbSUyRm1hcHMlMkZlbWJlZCUzRnBiJTNEJTIxMW0xNCUyMTFtOCUyMTFtMyUyMTFkNzMwOC44ODA3ODM0ODcxOTUlMjEyZC00Ni42MTI1ODQlMjEzZC0yMy42NjAyMDQlMjEzbTIlMjExaTEwMjQlMjEyaTc2OCUyMTRmMTMuMSUyMTNtMyUyMTFtMiUyMTFzMHg5NGNlNDRiNjAyOGY5NDMxJTI1M0EweGQ0NDMzZGY2NTdmNGJiYWYlMjEyc1IuJTI1MjBFdWclMjVDMyUyNUFBbmlhJTI1MjBTJTI1QzMlMjVBMSUyNTIwVml0YWxlJTI1MkMlMjUyMDExOTYlMjUyMC0lMjUyMFZpbGElMjUyMFNhbnRhJTI1MjBMdXppYSUyNTJDJTI1MjBTJTI1QzMlMjVBM28lMjUyMEJlcm5hcmRvJTI1MjBkbyUyNTIwQ2FtcG8lMjUyMC0lMjUyMFNQJTI1MkMlMjUyMDA5OTMwLTM4MCUyMTVlMCUyMTNtMiUyMTFzcHQtQlIlMjEyc2JyJTIxNHYxNjE0Njg1OTc5NDIzJTIxNW0yJTIxMXNwdC1CUiUyMTJzYnIlMjIlMjB3aWR0aCUzRCUyMjEyMDAlMjIlMjBoZWlnaHQlM0QlMjI0MDAlMjIlMjBhbGxvd2Z1bGxzY3JlZW4lM0QlMjJhbGxvd2Z1bGxzY3JlZW4lMjIlM0UlM0MlMkZpZnJhbWUlM0U=&#8221;][\/vc_column_inner][\/vc_row_inner][\/vc_column][\/vc_row]<\/p>\n","protected":false},"excerpt":{"rendered":"<p>[vc_row full_width=&#8221;stretch_row_content_no_spaces&#8221;][vc_column][vc_column_text][\/vc_column_text][\/vc_column][\/vc_row][vc_row full_width=&#8221;stretch_row&#8221; css=&#8221;.vc_custom_1598883825695{margin-top: -30px !important;margin-bottom: 0px !important;padding-top: -10px !important;background-image: url(https:\/\/ranecacambas.com.br\/site\/wp-content\/uploads\/2019\/11\/construction01_about_us_background.png?id=30483) !important;background-position: center !important;background-repeat: no-repeat !important;background-size: cover !important;}&#8221; el_id=&#8221;sobre-nos&#8221;][vc_column][\/vc_column][vc_column width=&#8221;1\/2&#8243;&#8230;<\/p>\n","protected":false},"author":1,"featured_media":0,"parent":0,"menu_order":0,"comment_status":"closed","ping_status":"closed","template":"","meta":{"footnotes":""},"yst_prominent_words":[363,368,371,364,366,362,367,369,365,361,370],"class_list":["post-24052","page","type-page","status-publish"],"_links":{"self":[{"href":"https:\/\/ranecacambas.com.br\/site\/wp-json\/wp\/v2\/pages\/24052","targetHints":{"allow":["GET"]}}],"collection":[{"href":"https:\/\/ranecacambas.com.br\/site\/wp-json\/wp\/v2\/pages"}],"about":[{"href":"https:\/\/ranecacambas.com.br\/site\/wp-json\/wp\/v2\/types\/page"}],"author":[{"embeddable":true,"href":"https:\/\/ranecacambas.com.br\/site\/wp-json\/wp\/v2\/users\/1"}],"replies":[{"embeddable":true,"href":"https:\/\/ranecacambas.com.br\/site\/wp-json\/wp\/v2\/comments?post=24052"}],"version-history":[{"count":142,"href":"https:\/\/ranecacambas.com.br\/site\/wp-json\/wp\/v2\/pages\/24052\/revisions"}],"predecessor-version":[{"id":30540,"href":"https:\/\/ranecacambas.com.br\/site\/wp-json\/wp\/v2\/pages\/24052\/revisions\/30540"}],"wp:attachment":[{"href":"https:\/\/ranecacambas.com.br\/site\/wp-json\/wp\/v2\/media?parent=24052"}],"wp:term":[{"taxonomy":"yst_prominent_words","embeddable":true,"href":"https:\/\/ranecacambas.com.br\/site\/wp-json\/wp\/v2\/yst_prominent_words?post=24052"}],"curies":[{"name":"wp","href":"https:\/\/api.w.org\/{rel}","templated":true}]}}